{"id":824,"date":"2025-03-03T15:07:54","date_gmt":"2025-03-03T15:07:54","guid":{"rendered":"https:\/\/euinstitut.letslets.com.tr\/urun\/basics-of-public-health\/"},"modified":"2025-03-03T15:07:54","modified_gmt":"2025-03-03T15:07:54","slug":"grundlagen-des-offentlichen-gesundheitswesens","status":"publish","type":"product","link":"https:\/\/euinstitut.com\/de\/urun\/grundlagen-des-offentlichen-gesundheitswesens\/","title":{"rendered":"Grundlagen des \u00f6ffentlichen Gesundheitswesens"},"content":{"rendered":"<p>Lernen Sie die Grundlagen des \u00f6ffentlichen Gesundheitswesens kennen, einschlie\u00dflich Krankheitspr\u00e4vention, Gesundheitsf\u00f6rderung und Gesundheitsmanagement f\u00fcr die Bev\u00f6lkerung. Dieser Kurs behandelt die Schl\u00fcsselelemente der \u00f6ffentlichen Gesundheitssysteme und ihre Rolle bei der Erhaltung der Gesundheit der Gemeinschaft.<\/p>","protected":false},"excerpt":{"rendered":"<p>Learn the foundations of public health, including disease prevention, health promotion, and population health management. This course covers the key elements of public health systems and<span class=\"excerpt-hellip\"> [\u2026]<\/span><\/p>\n","protected":false},"featured_media":823,"comment_status":"open","ping_status":"closed","template":"","meta":[],"product_brand":[],"product_cat":[20],"product_tag":[],"class_list":{"0":"post-824","1":"product","2":"type-product","3":"status-publish","4":"has-post-thumbnail","6":"product_cat-healthcare-management","8":"first","9":"instock","10":"shipping-taxable","11":"product-type-simple"},"_links":{"self":[{"href":"https:\/\/euinstitut.com\/de\/wp-json\/wp\/v2\/product\/824","targetHints":{"allow":["GET"]}}],"collection":[{"href":"https:\/\/euinstitut.com\/de\/wp-json\/wp\/v2\/product"}],"about":[{"href":"https:\/\/euinstitut.com\/de\/wp-json\/wp\/v2\/types\/product"}],"replies":[{"embeddable":true,"href":"https:\/\/euinstitut.com\/de\/wp-json\/wp\/v2\/comments?post=824"}],"version-history":[{"count":0,"href":"https:\/\/euinstitut.com\/de\/wp-json\/wp\/v2\/product\/824\/revisions"}],"wp:featuredmedia":[{"embeddable":true,"href":"https:\/\/euinstitut.com\/de\/wp-json\/wp\/v2\/media\/823"}],"wp:attachment":[{"href":"https:\/\/euinstitut.com\/de\/wp-json\/wp\/v2\/media?parent=824"}],"wp:term":[{"taxonomy":"product_brand","embeddable":true,"href":"https:\/\/euinstitut.com\/de\/wp-json\/wp\/v2\/product_brand?post=824"},{"taxonomy":"product_cat","embeddable":true,"href":"https:\/\/euinstitut.com\/de\/wp-json\/wp\/v2\/product_cat?post=824"},{"taxonomy":"product_tag","embeddable":true,"href":"https:\/\/euinstitut.com\/de\/wp-json\/wp\/v2\/product_tag?post=824"}],"curies":[{"name":"wp","href":"https:\/\/api.w.org\/{rel}","templated":true}]}}