{"id":822,"date":"2025-03-03T15:07:49","date_gmt":"2025-03-03T15:07:49","guid":{"rendered":"https:\/\/euinstitut.letslets.com.tr\/urun\/medical-law-ethics\/"},"modified":"2025-03-03T15:07:49","modified_gmt":"2025-03-03T15:07:49","slug":"medizinrecht-und-ethik","status":"publish","type":"product","link":"https:\/\/euinstitut.com\/de\/urun\/medizinrecht-und-ethik\/","title":{"rendered":"Medizinisches Recht und Ethik"},"content":{"rendered":"<p>Erkundung der rechtlichen und ethischen Fragen im Gesundheitswesen, einschlie\u00dflich der Vertraulichkeit von Patientendaten, der Einwilligung nach Aufkl\u00e4rung und \u00e4rztlicher Kunstfehler. Dieser Kurs vermittelt ein Verst\u00e4ndnis daf\u00fcr, wie sich Recht und Ethik in der medizinischen Praxis \u00fcberschneiden.<\/p>","protected":false},"excerpt":{"rendered":"<p>Explore the legal and ethical issues in healthcare, including patient confidentiality, informed consent, and medical malpractice. This course provides an understanding of how law and ethics<span class=\"excerpt-hellip\"> [\u2026]<\/span><\/p>\n","protected":false},"featured_media":821,"comment_status":"open","ping_status":"closed","template":"","meta":[],"product_brand":[],"product_cat":[20],"product_tag":[],"class_list":{"0":"post-822","1":"product","2":"type-product","3":"status-publish","4":"has-post-thumbnail","6":"product_cat-healthcare-management","8":"first","9":"instock","10":"shipping-taxable","11":"product-type-simple"},"_links":{"self":[{"href":"https:\/\/euinstitut.com\/de\/wp-json\/wp\/v2\/product\/822","targetHints":{"allow":["GET"]}}],"collection":[{"href":"https:\/\/euinstitut.com\/de\/wp-json\/wp\/v2\/product"}],"about":[{"href":"https:\/\/euinstitut.com\/de\/wp-json\/wp\/v2\/types\/product"}],"replies":[{"embeddable":true,"href":"https:\/\/euinstitut.com\/de\/wp-json\/wp\/v2\/comments?post=822"}],"version-history":[{"count":0,"href":"https:\/\/euinstitut.com\/de\/wp-json\/wp\/v2\/product\/822\/revisions"}],"wp:featuredmedia":[{"embeddable":true,"href":"https:\/\/euinstitut.com\/de\/wp-json\/wp\/v2\/media\/821"}],"wp:attachment":[{"href":"https:\/\/euinstitut.com\/de\/wp-json\/wp\/v2\/media?parent=822"}],"wp:term":[{"taxonomy":"product_brand","embeddable":true,"href":"https:\/\/euinstitut.com\/de\/wp-json\/wp\/v2\/product_brand?post=822"},{"taxonomy":"product_cat","embeddable":true,"href":"https:\/\/euinstitut.com\/de\/wp-json\/wp\/v2\/product_cat?post=822"},{"taxonomy":"product_tag","embeddable":true,"href":"https:\/\/euinstitut.com\/de\/wp-json\/wp\/v2\/product_tag?post=822"}],"curies":[{"name":"wp","href":"https:\/\/api.w.org\/{rel}","templated":true}]}}