{"id":820,"date":"2025-03-03T15:07:42","date_gmt":"2025-03-03T15:07:42","guid":{"rendered":"https:\/\/euinstitut.letslets.com.tr\/urun\/healthcare-management-fundamentals\/"},"modified":"2025-03-03T15:07:42","modified_gmt":"2025-03-03T15:07:42","slug":"grundlagen-des-managements-im-gesundheitswesen","status":"publish","type":"product","link":"https:\/\/euinstitut.com\/de\/urun\/grundlagen-des-managements-im-gesundheitswesen\/","title":{"rendered":"Grundlagen des Managements im Gesundheitswesen"},"content":{"rendered":"<p>Dieser Kurs f\u00fchrt in die Grunds\u00e4tze des Managements im Gesundheitswesen ein, einschlie\u00dflich Organisationsstruktur, Ressourcenzuweisung und F\u00fchrungsstrategien im Gesundheitswesen. Lernen Sie, wie Sie Krankenh\u00e4user, Kliniken und Organisationen im Gesundheitswesen effektiv verwalten.<\/p>","protected":false},"excerpt":{"rendered":"<p>This course introduces the principles of healthcare management, including organizational structure, resource allocation, and leadership strategies in healthcare settings. Learn how to effectively manage hospitals, clinics,<span class=\"excerpt-hellip\"> [\u2026]<\/span><\/p>\n","protected":false},"featured_media":819,"comment_status":"open","ping_status":"closed","template":"","meta":[],"product_brand":[],"product_cat":[20],"product_tag":[],"class_list":{"0":"post-820","1":"product","2":"type-product","3":"status-publish","4":"has-post-thumbnail","6":"product_cat-healthcare-management","8":"first","9":"instock","10":"shipping-taxable","11":"product-type-simple"},"_links":{"self":[{"href":"https:\/\/euinstitut.com\/de\/wp-json\/wp\/v2\/product\/820","targetHints":{"allow":["GET"]}}],"collection":[{"href":"https:\/\/euinstitut.com\/de\/wp-json\/wp\/v2\/product"}],"about":[{"href":"https:\/\/euinstitut.com\/de\/wp-json\/wp\/v2\/types\/product"}],"replies":[{"embeddable":true,"href":"https:\/\/euinstitut.com\/de\/wp-json\/wp\/v2\/comments?post=820"}],"version-history":[{"count":0,"href":"https:\/\/euinstitut.com\/de\/wp-json\/wp\/v2\/product\/820\/revisions"}],"wp:featuredmedia":[{"embeddable":true,"href":"https:\/\/euinstitut.com\/de\/wp-json\/wp\/v2\/media\/819"}],"wp:attachment":[{"href":"https:\/\/euinstitut.com\/de\/wp-json\/wp\/v2\/media?parent=820"}],"wp:term":[{"taxonomy":"product_brand","embeddable":true,"href":"https:\/\/euinstitut.com\/de\/wp-json\/wp\/v2\/product_brand?post=820"},{"taxonomy":"product_cat","embeddable":true,"href":"https:\/\/euinstitut.com\/de\/wp-json\/wp\/v2\/product_cat?post=820"},{"taxonomy":"product_tag","embeddable":true,"href":"https:\/\/euinstitut.com\/de\/wp-json\/wp\/v2\/product_tag?post=820"}],"curies":[{"name":"wp","href":"https:\/\/api.w.org\/{rel}","templated":true}]}}