{"id":784,"date":"2025-03-03T15:05:56","date_gmt":"2025-03-03T15:05:56","guid":{"rendered":"https:\/\/euinstitut.letslets.com.tr\/urun\/european-union-law-regulations\/"},"modified":"2025-03-03T15:05:56","modified_gmt":"2025-03-03T15:05:56","slug":"rechtsvorschriften-der-europaischen-union","status":"publish","type":"product","link":"https:\/\/euinstitut.com\/de\/urun\/rechtsvorschriften-der-europaischen-union\/","title":{"rendered":"Recht und Vorschriften der Europ\u00e4ischen Union"},"content":{"rendered":"<p>Gewinnen Sie ein Verst\u00e4ndnis f\u00fcr die Gesetze, die die Europ\u00e4ische Union regeln, einschlie\u00dflich ihres rechtlichen Rahmens, der Rolle der EU-Institutionen und der Auswirkungen der EU-Vorschriften auf Unternehmen und Einzelpersonen. Der Kurs behandelt auch die wichtigsten EU-Vertr\u00e4ge und -Politiken.<\/p>","protected":false},"excerpt":{"rendered":"<p>Gain an understanding of the laws governing the European Union, including its legal framework, the role of EU institutions, and the impact of EU regulations on<span class=\"excerpt-hellip\"> [\u2026]<\/span><\/p>\n","protected":false},"featured_media":783,"comment_status":"open","ping_status":"closed","template":"","meta":[],"product_brand":[],"product_cat":[18],"product_tag":[],"class_list":{"0":"post-784","1":"product","2":"type-product","3":"status-publish","4":"has-post-thumbnail","6":"product_cat-business-labor-law","8":"first","9":"instock","10":"shipping-taxable","11":"product-type-simple"},"_links":{"self":[{"href":"https:\/\/euinstitut.com\/de\/wp-json\/wp\/v2\/product\/784","targetHints":{"allow":["GET"]}}],"collection":[{"href":"https:\/\/euinstitut.com\/de\/wp-json\/wp\/v2\/product"}],"about":[{"href":"https:\/\/euinstitut.com\/de\/wp-json\/wp\/v2\/types\/product"}],"replies":[{"embeddable":true,"href":"https:\/\/euinstitut.com\/de\/wp-json\/wp\/v2\/comments?post=784"}],"version-history":[{"count":0,"href":"https:\/\/euinstitut.com\/de\/wp-json\/wp\/v2\/product\/784\/revisions"}],"wp:featuredmedia":[{"embeddable":true,"href":"https:\/\/euinstitut.com\/de\/wp-json\/wp\/v2\/media\/783"}],"wp:attachment":[{"href":"https:\/\/euinstitut.com\/de\/wp-json\/wp\/v2\/media?parent=784"}],"wp:term":[{"taxonomy":"product_brand","embeddable":true,"href":"https:\/\/euinstitut.com\/de\/wp-json\/wp\/v2\/product_brand?post=784"},{"taxonomy":"product_cat","embeddable":true,"href":"https:\/\/euinstitut.com\/de\/wp-json\/wp\/v2\/product_cat?post=784"},{"taxonomy":"product_tag","embeddable":true,"href":"https:\/\/euinstitut.com\/de\/wp-json\/wp\/v2\/product_tag?post=784"}],"curies":[{"name":"wp","href":"https:\/\/api.w.org\/{rel}","templated":true}]}}