{"id":780,"date":"2025-03-03T15:05:41","date_gmt":"2025-03-03T15:05:41","guid":{"rendered":"https:\/\/euinstitut.letslets.com.tr\/urun\/fundamentals-of-business-labor-law\/"},"modified":"2025-03-03T15:05:41","modified_gmt":"2025-03-03T15:05:41","slug":"grundlagen-des-wirtschaftsarbeitsrechts","status":"publish","type":"product","link":"https:\/\/euinstitut.com\/de\/urun\/grundlagen-des-wirtschaftsarbeitsrechts\/","title":{"rendered":"Grundlagen des Wirtschafts- und Arbeitsrechts"},"content":{"rendered":"<p>Dieser Kurs behandelt die grundlegenden Prinzipien des Wirtschafts- und Arbeitsrechts, wobei der Schwerpunkt auf den rechtlichen Strukturen von Unternehmen, Arbeitsverh\u00e4ltnissen und Arbeitnehmerrechten liegt. Lernen Sie, wie Sie sich in Gesch\u00e4ftsvertr\u00e4gen, Arbeitsplatzvorschriften und arbeitsrechtlichen Streitigkeiten zurechtfinden.<\/p>","protected":false},"excerpt":{"rendered":"<p>This course covers the foundational principles of business and labor law, focusing on the legal structures of businesses, employment relationships, and workers\u2019 rights. Learn how to<span class=\"excerpt-hellip\"> [\u2026]<\/span><\/p>\n","protected":false},"featured_media":779,"comment_status":"open","ping_status":"closed","template":"","meta":[],"product_brand":[],"product_cat":[18],"product_tag":[],"class_list":{"0":"post-780","1":"product","2":"type-product","3":"status-publish","4":"has-post-thumbnail","6":"product_cat-business-labor-law","8":"first","9":"instock","10":"shipping-taxable","11":"product-type-simple"},"_links":{"self":[{"href":"https:\/\/euinstitut.com\/de\/wp-json\/wp\/v2\/product\/780","targetHints":{"allow":["GET"]}}],"collection":[{"href":"https:\/\/euinstitut.com\/de\/wp-json\/wp\/v2\/product"}],"about":[{"href":"https:\/\/euinstitut.com\/de\/wp-json\/wp\/v2\/types\/product"}],"replies":[{"embeddable":true,"href":"https:\/\/euinstitut.com\/de\/wp-json\/wp\/v2\/comments?post=780"}],"version-history":[{"count":0,"href":"https:\/\/euinstitut.com\/de\/wp-json\/wp\/v2\/product\/780\/revisions"}],"wp:featuredmedia":[{"embeddable":true,"href":"https:\/\/euinstitut.com\/de\/wp-json\/wp\/v2\/media\/779"}],"wp:attachment":[{"href":"https:\/\/euinstitut.com\/de\/wp-json\/wp\/v2\/media?parent=780"}],"wp:term":[{"taxonomy":"product_brand","embeddable":true,"href":"https:\/\/euinstitut.com\/de\/wp-json\/wp\/v2\/product_brand?post=780"},{"taxonomy":"product_cat","embeddable":true,"href":"https:\/\/euinstitut.com\/de\/wp-json\/wp\/v2\/product_cat?post=780"},{"taxonomy":"product_tag","embeddable":true,"href":"https:\/\/euinstitut.com\/de\/wp-json\/wp\/v2\/product_tag?post=780"}],"curies":[{"name":"wp","href":"https:\/\/api.w.org\/{rel}","templated":true}]}}