{"id":744,"date":"2025-03-03T15:03:47","date_gmt":"2025-03-03T15:03:47","guid":{"rendered":"https:\/\/euinstitut.letslets.com.tr\/urun\/entrepreneurship-essentials\/"},"modified":"2025-03-03T15:03:47","modified_gmt":"2025-03-03T15:03:47","slug":"grundlagen-des-unternehmertums","status":"publish","type":"product","link":"https:\/\/euinstitut.com\/de\/urun\/grundlagen-des-unternehmertums\/","title":{"rendered":"Grundlagen des Unternehmertums"},"content":{"rendered":"<p>Erforschen Sie die grundlegenden Konzepte des Unternehmertums, von der Ideenfindung bis zur Unternehmensplanung. Dieser Kurs f\u00fchrt angehende Unternehmer durch die Phasen der Unternehmensgr\u00fcndung und der Umsetzung von Ideen in die Realit\u00e4t.<\/p>","protected":false},"excerpt":{"rendered":"<p>Explore the foundational concepts of entrepreneurship, from idea generation to business planning. This course guides aspiring entrepreneurs through the stages of starting a business and turning<span class=\"excerpt-hellip\"> [\u2026]<\/span><\/p>\n","protected":false},"featured_media":743,"comment_status":"open","ping_status":"closed","template":"","meta":[],"product_brand":[],"product_cat":[17],"product_tag":[],"class_list":{"0":"post-744","1":"product","2":"type-product","3":"status-publish","4":"has-post-thumbnail","6":"product_cat-management-leadership","8":"first","9":"instock","10":"shipping-taxable","11":"product-type-simple"},"_links":{"self":[{"href":"https:\/\/euinstitut.com\/de\/wp-json\/wp\/v2\/product\/744","targetHints":{"allow":["GET"]}}],"collection":[{"href":"https:\/\/euinstitut.com\/de\/wp-json\/wp\/v2\/product"}],"about":[{"href":"https:\/\/euinstitut.com\/de\/wp-json\/wp\/v2\/types\/product"}],"replies":[{"embeddable":true,"href":"https:\/\/euinstitut.com\/de\/wp-json\/wp\/v2\/comments?post=744"}],"version-history":[{"count":0,"href":"https:\/\/euinstitut.com\/de\/wp-json\/wp\/v2\/product\/744\/revisions"}],"wp:featuredmedia":[{"embeddable":true,"href":"https:\/\/euinstitut.com\/de\/wp-json\/wp\/v2\/media\/743"}],"wp:attachment":[{"href":"https:\/\/euinstitut.com\/de\/wp-json\/wp\/v2\/media?parent=744"}],"wp:term":[{"taxonomy":"product_brand","embeddable":true,"href":"https:\/\/euinstitut.com\/de\/wp-json\/wp\/v2\/product_brand?post=744"},{"taxonomy":"product_cat","embeddable":true,"href":"https:\/\/euinstitut.com\/de\/wp-json\/wp\/v2\/product_cat?post=744"},{"taxonomy":"product_tag","embeddable":true,"href":"https:\/\/euinstitut.com\/de\/wp-json\/wp\/v2\/product_tag?post=744"}],"curies":[{"name":"wp","href":"https:\/\/api.w.org\/{rel}","templated":true}]}}