{"id":742,"date":"2025-03-03T15:03:42","date_gmt":"2025-03-03T15:03:42","guid":{"rendered":"https:\/\/euinstitut.letslets.com.tr\/urun\/strategic-business-management\/"},"modified":"2025-03-03T15:03:42","modified_gmt":"2025-03-03T15:03:42","slug":"strategische-unternehmensfuhrung","status":"publish","type":"product","link":"https:\/\/euinstitut.com\/de\/urun\/strategische-unternehmensfuhrung\/","title":{"rendered":"Strategische Unternehmensf\u00fchrung"},"content":{"rendered":"<p>Lernen Sie, wie Sie langfristige Strategien entwickeln und umsetzen, die mit den Unternehmenszielen \u00fcbereinstimmen. Dieser Kurs behandelt Instrumente f\u00fcr die strategische Analyse, Planung und Entscheidungsfindung, um ein nachhaltiges Unternehmenswachstum zu f\u00f6rdern.<\/p>","protected":false},"excerpt":{"rendered":"<p>Learn how to develop and implement long-term strategies that align with business goals. This course covers tools for strategic analysis, planning, and decision-making to drive sustainable<span class=\"excerpt-hellip\"> [\u2026]<\/span><\/p>\n","protected":false},"featured_media":741,"comment_status":"open","ping_status":"closed","template":"","meta":[],"product_brand":[],"product_cat":[17],"product_tag":[],"class_list":{"0":"post-742","1":"product","2":"type-product","3":"status-publish","4":"has-post-thumbnail","6":"product_cat-management-leadership","8":"first","9":"instock","10":"shipping-taxable","11":"product-type-simple"},"_links":{"self":[{"href":"https:\/\/euinstitut.com\/de\/wp-json\/wp\/v2\/product\/742","targetHints":{"allow":["GET"]}}],"collection":[{"href":"https:\/\/euinstitut.com\/de\/wp-json\/wp\/v2\/product"}],"about":[{"href":"https:\/\/euinstitut.com\/de\/wp-json\/wp\/v2\/types\/product"}],"replies":[{"embeddable":true,"href":"https:\/\/euinstitut.com\/de\/wp-json\/wp\/v2\/comments?post=742"}],"version-history":[{"count":0,"href":"https:\/\/euinstitut.com\/de\/wp-json\/wp\/v2\/product\/742\/revisions"}],"wp:featuredmedia":[{"embeddable":true,"href":"https:\/\/euinstitut.com\/de\/wp-json\/wp\/v2\/media\/741"}],"wp:attachment":[{"href":"https:\/\/euinstitut.com\/de\/wp-json\/wp\/v2\/media?parent=742"}],"wp:term":[{"taxonomy":"product_brand","embeddable":true,"href":"https:\/\/euinstitut.com\/de\/wp-json\/wp\/v2\/product_brand?post=742"},{"taxonomy":"product_cat","embeddable":true,"href":"https:\/\/euinstitut.com\/de\/wp-json\/wp\/v2\/product_cat?post=742"},{"taxonomy":"product_tag","embeddable":true,"href":"https:\/\/euinstitut.com\/de\/wp-json\/wp\/v2\/product_tag?post=742"}],"curies":[{"name":"wp","href":"https:\/\/api.w.org\/{rel}","templated":true}]}}