{"id":740,"date":"2025-03-03T15:03:33","date_gmt":"2025-03-03T15:03:33","guid":{"rendered":"https:\/\/euinstitut.letslets.com.tr\/urun\/fundamentals-of-management-leadership\/"},"modified":"2025-03-03T15:03:33","modified_gmt":"2025-03-03T15:03:33","slug":"grundlagen-des-managements-fuhrung","status":"publish","type":"product","link":"https:\/\/euinstitut.com\/de\/urun\/grundlagen-des-managements-fuhrung\/","title":{"rendered":"Grundlagen des Managements und der F\u00fchrung"},"content":{"rendered":"<p>Dieser Kurs f\u00fchrt in die Grundprinzipien des Managements und der F\u00fchrung ein und konzentriert sich auf die Rollen und Verantwortlichkeiten von Managern, F\u00fchrungsstile und die F\u00e4higkeiten, die erforderlich sind, um Teams in jeder Organisation effektiv zu f\u00fchren.<\/p>","protected":false},"excerpt":{"rendered":"<p>This course introduces the core principles of management and leadership, focusing on the roles and responsibilities of managers, leadership styles, and the skills required to manage<span class=\"excerpt-hellip\"> [\u2026]<\/span><\/p>\n","protected":false},"featured_media":739,"comment_status":"open","ping_status":"closed","template":"","meta":[],"product_brand":[],"product_cat":[17],"product_tag":[],"class_list":{"0":"post-740","1":"product","2":"type-product","3":"status-publish","4":"has-post-thumbnail","6":"product_cat-management-leadership","8":"first","9":"instock","10":"shipping-taxable","11":"product-type-simple"},"_links":{"self":[{"href":"https:\/\/euinstitut.com\/de\/wp-json\/wp\/v2\/product\/740","targetHints":{"allow":["GET"]}}],"collection":[{"href":"https:\/\/euinstitut.com\/de\/wp-json\/wp\/v2\/product"}],"about":[{"href":"https:\/\/euinstitut.com\/de\/wp-json\/wp\/v2\/types\/product"}],"replies":[{"embeddable":true,"href":"https:\/\/euinstitut.com\/de\/wp-json\/wp\/v2\/comments?post=740"}],"version-history":[{"count":0,"href":"https:\/\/euinstitut.com\/de\/wp-json\/wp\/v2\/product\/740\/revisions"}],"wp:featuredmedia":[{"embeddable":true,"href":"https:\/\/euinstitut.com\/de\/wp-json\/wp\/v2\/media\/739"}],"wp:attachment":[{"href":"https:\/\/euinstitut.com\/de\/wp-json\/wp\/v2\/media?parent=740"}],"wp:term":[{"taxonomy":"product_brand","embeddable":true,"href":"https:\/\/euinstitut.com\/de\/wp-json\/wp\/v2\/product_brand?post=740"},{"taxonomy":"product_cat","embeddable":true,"href":"https:\/\/euinstitut.com\/de\/wp-json\/wp\/v2\/product_cat?post=740"},{"taxonomy":"product_tag","embeddable":true,"href":"https:\/\/euinstitut.com\/de\/wp-json\/wp\/v2\/product_tag?post=740"}],"curies":[{"name":"wp","href":"https:\/\/api.w.org\/{rel}","templated":true}]}}