{"id":702,"date":"2025-03-03T15:01:34","date_gmt":"2025-03-03T15:01:34","guid":{"rendered":"https:\/\/euinstitut.letslets.com.tr\/urun\/consumer-behavior-market-research\/"},"modified":"2025-03-03T15:01:34","modified_gmt":"2025-03-03T15:01:34","slug":"konsumentenverhalten-marktforschung","status":"publish","type":"product","link":"https:\/\/euinstitut.com\/de\/urun\/konsumentenverhalten-marktforschung\/","title":{"rendered":"Verbraucherverhalten und Marktforschung"},"content":{"rendered":"<p>In diesem Kurs geht es um das Verst\u00e4ndnis des Verbraucherverhaltens und darum, wie Unternehmen mit Hilfe der Marktforschung Erkenntnisse \u00fcber Kundenbed\u00fcrfnisse, Pr\u00e4ferenzen und Kaufentscheidungen gewinnen k\u00f6nnen. Es wird die Bedeutung von Segmentierung, Targeting und Positionierung auf der Grundlage datengest\u00fctzter Erkenntnisse vermittelt.<\/p>","protected":false},"excerpt":{"rendered":"<p>This course focuses on understanding consumer behavior and how businesses can use market research to gain insights into customer needs, preferences, and purchasing decisions. It teaches<span class=\"excerpt-hellip\"> [\u2026]<\/span><\/p>\n","protected":false},"featured_media":701,"comment_status":"open","ping_status":"closed","template":"","meta":[],"product_brand":[],"product_cat":[14],"product_tag":[],"class_list":{"0":"post-702","1":"product","2":"type-product","3":"status-publish","4":"has-post-thumbnail","6":"product_cat-advertising-and-marketing","8":"first","9":"instock","10":"shipping-taxable","11":"product-type-simple"},"_links":{"self":[{"href":"https:\/\/euinstitut.com\/de\/wp-json\/wp\/v2\/product\/702","targetHints":{"allow":["GET"]}}],"collection":[{"href":"https:\/\/euinstitut.com\/de\/wp-json\/wp\/v2\/product"}],"about":[{"href":"https:\/\/euinstitut.com\/de\/wp-json\/wp\/v2\/types\/product"}],"replies":[{"embeddable":true,"href":"https:\/\/euinstitut.com\/de\/wp-json\/wp\/v2\/comments?post=702"}],"version-history":[{"count":0,"href":"https:\/\/euinstitut.com\/de\/wp-json\/wp\/v2\/product\/702\/revisions"}],"wp:featuredmedia":[{"embeddable":true,"href":"https:\/\/euinstitut.com\/de\/wp-json\/wp\/v2\/media\/701"}],"wp:attachment":[{"href":"https:\/\/euinstitut.com\/de\/wp-json\/wp\/v2\/media?parent=702"}],"wp:term":[{"taxonomy":"product_brand","embeddable":true,"href":"https:\/\/euinstitut.com\/de\/wp-json\/wp\/v2\/product_brand?post=702"},{"taxonomy":"product_cat","embeddable":true,"href":"https:\/\/euinstitut.com\/de\/wp-json\/wp\/v2\/product_cat?post=702"},{"taxonomy":"product_tag","embeddable":true,"href":"https:\/\/euinstitut.com\/de\/wp-json\/wp\/v2\/product_tag?post=702"}],"curies":[{"name":"wp","href":"https:\/\/api.w.org\/{rel}","templated":true}]}}