{"id":700,"date":"2025-03-03T15:01:28","date_gmt":"2025-03-03T15:01:28","guid":{"rendered":"https:\/\/euinstitut.letslets.com.tr\/urun\/introduction-to-advertising-marketing\/"},"modified":"2025-03-03T15:01:28","modified_gmt":"2025-03-03T15:01:28","slug":"einfuhrung-in-das-werbemarketing","status":"publish","type":"product","link":"https:\/\/euinstitut.com\/de\/urun\/einfuhrung-in-das-werbemarketing\/","title":{"rendered":"Einf\u00fchrung in Werbung und Marketing"},"content":{"rendered":"<p>Dieser Kurs gibt einen \u00dcberblick \u00fcber die wichtigsten Grunds\u00e4tze von Werbung und Marketing und zeigt auf, wie Unternehmen ihre Produkte und Dienstleistungen bei den Zielgruppen bewerben. Er behandelt grundlegende Konzepte wie Branding, Verbraucheransprache und die Rolle der Werbung im breiteren Marketing-Mix.<\/p>","protected":false},"excerpt":{"rendered":"<p>This course provides an overview of the key principles of advertising and marketing, exploring how businesses promote their products and services to target audiences. It covers<span class=\"excerpt-hellip\"> [\u2026]<\/span><\/p>\n","protected":false},"featured_media":699,"comment_status":"open","ping_status":"closed","template":"","meta":[],"product_brand":[],"product_cat":[14],"product_tag":[],"class_list":{"0":"post-700","1":"product","2":"type-product","3":"status-publish","4":"has-post-thumbnail","6":"product_cat-advertising-and-marketing","8":"first","9":"instock","10":"shipping-taxable","11":"product-type-simple"},"_links":{"self":[{"href":"https:\/\/euinstitut.com\/de\/wp-json\/wp\/v2\/product\/700","targetHints":{"allow":["GET"]}}],"collection":[{"href":"https:\/\/euinstitut.com\/de\/wp-json\/wp\/v2\/product"}],"about":[{"href":"https:\/\/euinstitut.com\/de\/wp-json\/wp\/v2\/types\/product"}],"replies":[{"embeddable":true,"href":"https:\/\/euinstitut.com\/de\/wp-json\/wp\/v2\/comments?post=700"}],"version-history":[{"count":0,"href":"https:\/\/euinstitut.com\/de\/wp-json\/wp\/v2\/product\/700\/revisions"}],"wp:featuredmedia":[{"embeddable":true,"href":"https:\/\/euinstitut.com\/de\/wp-json\/wp\/v2\/media\/699"}],"wp:attachment":[{"href":"https:\/\/euinstitut.com\/de\/wp-json\/wp\/v2\/media?parent=700"}],"wp:term":[{"taxonomy":"product_brand","embeddable":true,"href":"https:\/\/euinstitut.com\/de\/wp-json\/wp\/v2\/product_brand?post=700"},{"taxonomy":"product_cat","embeddable":true,"href":"https:\/\/euinstitut.com\/de\/wp-json\/wp\/v2\/product_cat?post=700"},{"taxonomy":"product_tag","embeddable":true,"href":"https:\/\/euinstitut.com\/de\/wp-json\/wp\/v2\/product_tag?post=700"}],"curies":[{"name":"wp","href":"https:\/\/api.w.org\/{rel}","templated":true}]}}