{"id":7,"date":"2025-03-27T05:50:42","date_gmt":"2025-03-27T05:50:42","guid":{"rendered":"https:\/\/euinstitut.letslets.com.tr\/?page_id=7"},"modified":"2025-03-27T05:54:03","modified_gmt":"2025-03-27T05:54:03","slug":"datenschutzbestimmungen","status":"publish","type":"page","link":"https:\/\/euinstitut.com\/de\/datenschutzbestimmungen\/","title":{"rendered":"Datenschutzbestimmungen"},"content":{"rendered":"<div data-elementor-type=\"wp-page\" data-elementor-id=\"7\" class=\"elementor elementor-7\" data-elementor-post-type=\"page\">\n\t\t\t\t<div class=\"elementor-element elementor-element-3e51b393 e-flex e-con-boxed e-con e-parent\" data-id=\"3e51b393\" data-element_type=\"container\" data-e-type=\"container\">\n\t\t\t\t\t<div class=\"e-con-inner\">\n\t\t\t\t<div class=\"elementor-element elementor-element-75660129 elementor-widget elementor-widget-text-editor\" data-id=\"75660129\" data-element_type=\"widget\" data-e-type=\"widget\" data-widget_type=\"text-editor.default\">\n\t\t\t\t<div class=\"elementor-widget-container\">\n\t\t\t\t\t\t\t\t\t\n<p>Bei European Educa on Ins tut sind wir verpflichtet, Ihre pers\u00f6nlichen Daten zu sch\u00fctzen und<br \/>die Einhaltung der Allgemeinen Datenschutzverordnung (GDPR). Diese Datenschutzrichtlinie erkl\u00e4rt<br \/>wie wir Ihre personenbezogenen Daten erheben, verwenden und sch\u00fctzen, sowie Ihre diesbez\u00fcglichen Rechte<br \/>informieren.<\/p>\n\n<ol class=\"wp-block-list\">\n<li>Erhebung und Verarbeitung personenbezogener Daten Wir erheben und verarbeiten personenbezogene Daten nur f\u00fcr<br \/>spezifische, legale Zwecke, wie die Verwaltung von Kursbewerbungen, Kommunikation und<br \/>den reibungslosen Betrieb unserer Bildungsdienste zu gew\u00e4hrleisten. Personenbezogene Daten k\u00f6nnen unter anderem<br \/>nicht beschr\u00e4nkt auf Ihren Namen, Ihre Kontaktdaten und Ihre Bewerbungsdaten.<\/li>\n\n<li>Verwendung personenbezogener Daten Ihre personenbezogenen Daten werden verarbeitet, um Ihre Bildungsreise zu verwalten,<br \/>Ihre Bewerbungen zu bewerten und mit Ihnen \u00fcber relevante Programme zu kommunizieren. Die Daten sind<br \/>nur f\u00fcr Zwecke verwendet, die zur Erf\u00fcllung der Bildungs- und Verwaltungsaufgaben von<br \/>das Europ\u00e4ische Bildungsinstitut Ins tut.<\/li>\n\n<li>Weitergabe von Daten Ihre pers\u00f6nlichen Daten k\u00f6nnen an unsere vertrauensw\u00fcrdigen Partner, Service<br \/>oder rechtlich befugte Versicherer nur dann, wenn dies f\u00fcr die Durchf\u00fchrung unserer<br \/>Dienstleistungen oder zur Erf\u00fcllung rechtlicher Verpflichtungen. Wir stellen sicher, dass Dritte, mit denen wir zusammenarbeiten<br \/>die GDPR einhalten und die h\u00f6chsten Datenschutzstandards aufrechterhalten.<\/li>\n\n<li>Datenaufbewahrung Wir bewahren Ihre personenbezogenen Daten nur so lange auf, wie es zur Erf\u00fcllung der<br \/>Zwecke, f\u00fcr die sie erhoben wurden, oder zur Erf\u00fcllung rechtlicher Verpflichtungen. Sobald Ihre pers\u00f6nlichen<br \/>Wenn die Daten nicht mehr ben\u00f6tigt werden, werden sie auf sichere Weise gel\u00f6scht oder anonymisiert.<\/li>\n\n<li>Ihre Rechte Nach der DSGVO haben Sie die folgenden Rechte in Bezug auf Ihre personenbezogenen Daten:<br \/>Das Recht, auf Ihre Daten zuzugreifen und Informationen \u00fcber deren Verarbeitung zu verlangen.<br \/>Das Recht, unrichtige oder unvollst\u00e4ndige Daten zu berichtigen.<br \/>Das Recht, die L\u00f6schung Ihrer Daten zu verlangen, wenn sie nicht mehr erforderlich sind oder wenn<br \/>die Verarbeitung ist unrechtm\u00e4\u00dfig.<br \/>Das Recht, die Verarbeitung Ihrer Daten unter bestimmten Bedingungen einzuschr\u00e4nken.<br \/>Das Recht, der Verarbeitung Ihrer Daten zu widersprechen.<br \/>Das Recht auf Daten\u00fcbertragbarkeit, das es Ihnen erm\u00f6glicht, Ihre personenbezogenen Daten in einem<br \/>strukturiertes, allgemein verwendetes Format.<\/li>\n\n<li>Datensicherheit Wir ergreifen angemessene technische und organisatorische Ma\u00dfnahmen zum Schutz<br \/>Ihre pers\u00f6nlichen Daten vor unberechtigtem Zugriff, Verlust oder Missbrauch zu sch\u00fctzen. Unsere Datenschutz-Praktiken<br \/>werden regelm\u00e4\u00dfig \u00fcberpr\u00fcft, um sicherzustellen, dass sie den aktuellen rechtlichen Standards entsprechen.<\/li>\n<\/ol>\n\t\t\t\t\t\t\t\t<\/div>\n\t\t\t\t<\/div>\n\t\t\t\t\t<\/div>\n\t\t\t\t<\/div>\n\t\t\t\t<\/div>","protected":false},"excerpt":{"rendered":"<p>At European Educa on Ins tut, we are commi ed to protec ng your personal data andcomplying with the General Data Protec on Regula on (GDPR).<span class=\"excerpt-hellip\"> [\u2026]<\/span><\/p>\n","protected":false},"author":1,"featured_media":0,"parent":0,"menu_order":0,"comment_status":"open","ping_status":"closed","template":"","meta":{"footnotes":""},"class_list":["post-7","page","type-page","status-publish","hentry"],"_links":{"self":[{"href":"https:\/\/euinstitut.com\/de\/wp-json\/wp\/v2\/pages\/7","targetHints":{"allow":["GET"]}}],"collection":[{"href":"https:\/\/euinstitut.com\/de\/wp-json\/wp\/v2\/pages"}],"about":[{"href":"https:\/\/euinstitut.com\/de\/wp-json\/wp\/v2\/types\/page"}],"author":[{"embeddable":true,"href":"https:\/\/euinstitut.com\/de\/wp-json\/wp\/v2\/users\/1"}],"replies":[{"embeddable":true,"href":"https:\/\/euinstitut.com\/de\/wp-json\/wp\/v2\/comments?post=7"}],"version-history":[{"count":5,"href":"https:\/\/euinstitut.com\/de\/wp-json\/wp\/v2\/pages\/7\/revisions"}],"predecessor-version":[{"id":1152,"href":"https:\/\/euinstitut.com\/de\/wp-json\/wp\/v2\/pages\/7\/revisions\/1152"}],"wp:attachment":[{"href":"https:\/\/euinstitut.com\/de\/wp-json\/wp\/v2\/media?parent=7"}],"curies":[{"name":"wp","href":"https:\/\/api.w.org\/{rel}","templated":true}]}}